{"id":1107,"date":"2025-06-10T21:41:28","date_gmt":"2025-06-10T19:41:28","guid":{"rendered":"https:\/\/www.immaculadaconcepcio.org\/?page_id=1107"},"modified":"2025-06-10T21:42:43","modified_gmt":"2025-06-10T19:42:43","slug":"politica-enviament-i-devolucio","status":"publish","type":"page","link":"https:\/\/www.immaculadaconcepcio.org\/index.php\/politica-enviament-i-devolucio\/","title":{"rendered":"Pol\u00edtica enviament i devoluci\u00f3"},"content":{"rendered":"\t\t<div data-elementor-type=\"wp-page\" data-elementor-id=\"1107\" class=\"elementor elementor-1107\" data-elementor-post-type=\"page\">\n\t\t\t\t<div class=\"elementor-element elementor-element-8360c1e e-flex e-con-boxed e-con e-parent\" data-id=\"8360c1e\" data-element_type=\"container\" data-e-type=\"container\" data-settings=\"{&quot;jet_parallax_layout_list&quot;:[]}\">\n\t\t\t\t\t<div class=\"e-con-inner\">\n\t\t\t\t<div class=\"elementor-element elementor-element-400f3ee elementor-widget elementor-widget-text-editor\" data-id=\"400f3ee\" data-element_type=\"widget\" data-e-type=\"widget\" data-widget_type=\"text-editor.default\">\n\t\t\t\t<div class=\"elementor-widget-container\">\n\t\t\t\t\t\t\t\t\t<h2 data-start=\"158\" data-end=\"197\"><strong data-start=\"161\" data-end=\"197\">Pol\u00edtica d&#8217;enviament i devoluci\u00f3<\/strong><\/h2><p data-start=\"199\" data-end=\"382\"><strong data-start=\"199\" data-end=\"232\">Col\u00b7legi Immaculada Concepci\u00f3<\/strong><br data-start=\"232\" data-end=\"235\" \/>Pla\u00e7a de l\u2019Esgl\u00e9sia, n\u00fam. 1<br data-start=\"262\" data-end=\"265\" \/>08850 Gav\u00e0 (Barcelona)<br data-start=\"287\" data-end=\"290\" \/>CIF: R0800913F<br data-start=\"304\" data-end=\"307\" \/>Tel\u00e8fon: 936 620 436<br data-start=\"327\" data-end=\"330\" \/>Correu electr\u00f2nic: <a class=\"cursor-pointer\" rel=\"noopener\" data-start=\"349\" data-end=\"380\">titular@immaculadaconcepcio.org<\/a><\/p><hr data-start=\"384\" data-end=\"387\" \/><h3 data-start=\"389\" data-end=\"407\"><strong data-start=\"393\" data-end=\"407\">Enviaments<\/strong><\/h3><p data-start=\"409\" data-end=\"654\">El Col\u00b7legi Immaculada Concepci\u00f3 <strong data-start=\"442\" data-end=\"479\">no realitza enviaments a domicili<\/strong>.<br data-start=\"480\" data-end=\"483\" \/>Tots els productes adquirits a trav\u00e9s de la nostra web <strong data-start=\"538\" data-end=\"574\">s\u2019han de recollir presencialment<\/strong> a les instal\u00b7lacions del col\u00b7legi, ubicades a la Pla\u00e7a de l\u2019Esgl\u00e9sia, 1 \u2013 Gav\u00e0.<\/p><p data-start=\"656\" data-end=\"800\">Els usuaris rebran una notificaci\u00f3 quan la seva comanda estigui preparada per a la recollida, i podran passar a buscar-la dins l\u2019horari indicat.<\/p><hr data-start=\"802\" data-end=\"805\" \/><h3 data-start=\"807\" data-end=\"826\"><strong data-start=\"811\" data-end=\"826\">Devolucions<\/strong><\/h3><p data-start=\"828\" data-end=\"879\">Nom\u00e9s s\u2019admetran devolucions en els seg\u00fcents casos:<\/p><ul data-start=\"881\" data-end=\"1015\"><li data-start=\"881\" data-end=\"955\"><p data-start=\"883\" data-end=\"955\">Productes defectuosos o amb danys evidents en el moment de la recollida.<\/p><\/li><li data-start=\"956\" data-end=\"1015\"><p data-start=\"958\" data-end=\"1015\">Errors en la comanda (productes equivocats o incomplets).<\/p><\/li><\/ul><p data-start=\"1017\" data-end=\"1216\">Per a gestionar una devoluci\u00f3, caldr\u00e0 presentar el comprovant de compra i posar-se en contacte amb l\u2019equip administratiu del centre en un termini m\u00e0xim de <strong data-start=\"1172\" data-end=\"1191\">7 dies naturals<\/strong> despr\u00e9s de la recollida.<\/p><p data-start=\"1218\" data-end=\"1345\">No s\u2019acceptaran devolucions de productes usats, manipulats o que no es trobin en les mateixes condicions en qu\u00e8 es van lliurar.<\/p><hr data-start=\"1347\" data-end=\"1350\" \/><h3 data-start=\"1352\" data-end=\"1368\"><strong data-start=\"1356\" data-end=\"1368\">Contacte<\/strong><\/h3><p data-start=\"1370\" data-end=\"1576\">Per a qualsevol consulta relacionada amb comandes, recollides o devolucions, podeu contactar amb nosaltres a trav\u00e9s del tel\u00e8fon <strong data-start=\"1498\" data-end=\"1513\">936 620 436<\/strong> o per correu electr\u00f2nic a <strong data-start=\"1540\" data-end=\"1575\"><a class=\"cursor-pointer\" rel=\"noopener\" data-start=\"1542\" data-end=\"1573\">titular@immaculadaconcepcio.org<\/a><\/strong>.<\/p><hr data-start=\"1578\" data-end=\"1581\" \/><p data-start=\"1583\" data-end=\"1734\" data-is-last-node=\"\" data-is-only-node=\"\">Si vols, puc adaptar aquesta pol\u00edtica a un disseny web (WordPress o PDF) o afegir altres seccions com \u201cFormes de pagament\u201d, \u201cPreguntes freq\u00fcents\u201d, etc.<\/p>\t\t\t\t\t\t\t\t<\/div>\n\t\t\t\t<\/div>\n\t\t\t\t\t<\/div>\n\t\t\t\t<\/div>\n\t\t\t\t<\/div>\n\t\t","protected":false},"excerpt":{"rendered":"<p>Pol\u00edtica d&#8217;enviament i devoluci\u00f3 Col\u00b7legi Immaculada Concepci\u00f3Pla\u00e7a de l\u2019Esgl\u00e9sia, n\u00fam. 108850 Gav\u00e0 (Barcelona)CIF: R0800913FTel\u00e8fon: 936 620 436Correu electr\u00f2nic: titular@immaculadaconcepcio.org Enviaments El Col\u00b7legi Immaculada Concepci\u00f3 no realitza enviaments a domicili.Tots els productes adquirits a trav\u00e9s de la nostra web s\u2019han de recollir presencialment a les instal\u00b7lacions del col\u00b7legi, ubicades a la Pla\u00e7a de l\u2019Esgl\u00e9sia, 1 \u2013 [&hellip;]<\/p>\n","protected":false},"author":1,"featured_media":0,"parent":0,"menu_order":0,"comment_status":"closed","ping_status":"closed","template":"elementor_header_footer","meta":{"footnotes":""},"class_list":["post-1107","page","type-page","status-publish","hentry"],"yoast_head":"<!-- This site is optimized with the Yoast SEO plugin v26.9 - https:\/\/yoast.com\/product\/yoast-seo-wordpress\/ -->\n<title>Pol\u00edtica enviament i devoluci\u00f3 - IMMACULADA CONCEPCI\u00d3<\/title>\n<meta name=\"robots\" content=\"index, follow, max-snippet:-1, max-image-preview:large, max-video-preview:-1\" \/>\n<link rel=\"canonical\" href=\"https:\/\/www.immaculadaconcepcio.org\/index.php\/politica-enviament-i-devolucio\/\" \/>\n<meta property=\"og:locale\" content=\"es_ES\" \/>\n<meta property=\"og:type\" content=\"article\" \/>\n<meta property=\"og:title\" content=\"Pol\u00edtica enviament i devoluci\u00f3 - IMMACULADA CONCEPCI\u00d3\" \/>\n<meta property=\"og:description\" content=\"Pol\u00edtica d&#8217;enviament i devoluci\u00f3 Col\u00b7legi Immaculada Concepci\u00f3Pla\u00e7a de l\u2019Esgl\u00e9sia, n\u00fam. 108850 Gav\u00e0 (Barcelona)CIF: R0800913FTel\u00e8fon: 936 620 436Correu electr\u00f2nic: titular@immaculadaconcepcio.org Enviaments El Col\u00b7legi Immaculada Concepci\u00f3 no realitza enviaments a domicili.Tots els productes adquirits a trav\u00e9s de la nostra web s\u2019han de recollir presencialment a les instal\u00b7lacions del col\u00b7legi, ubicades a la Pla\u00e7a de l\u2019Esgl\u00e9sia, 1 \u2013 [&hellip;]\" \/>\n<meta property=\"og:url\" content=\"https:\/\/www.immaculadaconcepcio.org\/index.php\/politica-enviament-i-devolucio\/\" \/>\n<meta property=\"og:site_name\" content=\"IMMACULADA CONCEPCI\u00d3\" \/>\n<meta property=\"article:publisher\" content=\"https:\/\/www.facebook.com\/immaculadaconcepcio\" \/>\n<meta property=\"article:modified_time\" content=\"2025-06-10T19:42:43+00:00\" \/>\n<meta name=\"twitter:card\" content=\"summary_large_image\" \/>\n<meta name=\"twitter:label1\" content=\"Tiempo de lectura\" \/>\n\t<meta name=\"twitter:data1\" content=\"1 minuto\" \/>\n<script type=\"application\/ld+json\" class=\"yoast-schema-graph\">{\"@context\":\"https:\/\/schema.org\",\"@graph\":[{\"@type\":\"WebPage\",\"@id\":\"https:\/\/www.immaculadaconcepcio.org\/index.php\/politica-enviament-i-devolucio\/\",\"url\":\"https:\/\/www.immaculadaconcepcio.org\/index.php\/politica-enviament-i-devolucio\/\",\"name\":\"Pol\u00edtica enviament i devoluci\u00f3 - IMMACULADA CONCEPCI\u00d3\",\"isPartOf\":{\"@id\":\"https:\/\/www.immaculadaconcepcio.org\/#website\"},\"datePublished\":\"2025-06-10T19:41:28+00:00\",\"dateModified\":\"2025-06-10T19:42:43+00:00\",\"breadcrumb\":{\"@id\":\"https:\/\/www.immaculadaconcepcio.org\/index.php\/politica-enviament-i-devolucio\/#breadcrumb\"},\"inLanguage\":\"es\",\"potentialAction\":[{\"@type\":\"ReadAction\",\"target\":[\"https:\/\/www.immaculadaconcepcio.org\/index.php\/politica-enviament-i-devolucio\/\"]}]},{\"@type\":\"BreadcrumbList\",\"@id\":\"https:\/\/www.immaculadaconcepcio.org\/index.php\/politica-enviament-i-devolucio\/#breadcrumb\",\"itemListElement\":[{\"@type\":\"ListItem\",\"position\":1,\"name\":\"Home\",\"item\":\"https:\/\/www.immaculadaconcepcio.org\/\"},{\"@type\":\"ListItem\",\"position\":2,\"name\":\"Pol\u00edtica enviament i devoluci\u00f3\"}]},{\"@type\":\"WebSite\",\"@id\":\"https:\/\/www.immaculadaconcepcio.org\/#website\",\"url\":\"https:\/\/www.immaculadaconcepcio.org\/\",\"name\":\"IMMACULADA CONCEPCI\u00d3\",\"description\":\"Gava\",\"publisher\":{\"@id\":\"https:\/\/www.immaculadaconcepcio.org\/#organization\"},\"potentialAction\":[{\"@type\":\"SearchAction\",\"target\":{\"@type\":\"EntryPoint\",\"urlTemplate\":\"https:\/\/www.immaculadaconcepcio.org\/?s={search_term_string}\"},\"query-input\":{\"@type\":\"PropertyValueSpecification\",\"valueRequired\":true,\"valueName\":\"search_term_string\"}}],\"inLanguage\":\"es\"},{\"@type\":\"Organization\",\"@id\":\"https:\/\/www.immaculadaconcepcio.org\/#organization\",\"name\":\"IMMACULADA CONCEPCI\u00d3\",\"url\":\"https:\/\/www.immaculadaconcepcio.org\/\",\"logo\":{\"@type\":\"ImageObject\",\"inLanguage\":\"es\",\"@id\":\"https:\/\/www.immaculadaconcepcio.org\/#\/schema\/logo\/image\/\",\"url\":\"https:\/\/www2.immaculadaconcepcio.org\/wp-content\/uploads\/2024\/12\/immaculadaconcepcio.webp\",\"contentUrl\":\"https:\/\/www2.immaculadaconcepcio.org\/wp-content\/uploads\/2024\/12\/immaculadaconcepcio.webp\",\"width\":300,\"height\":300,\"caption\":\"IMMACULADA CONCEPCI\u00d3\"},\"image\":{\"@id\":\"https:\/\/www.immaculadaconcepcio.org\/#\/schema\/logo\/image\/\"},\"sameAs\":[\"https:\/\/www.facebook.com\/immaculadaconcepcio\",\"https:\/\/www.instagram.com\/immaculadaconcepcio\"]}]}<\/script>\n<!-- \/ Yoast SEO plugin. -->","yoast_head_json":{"title":"Pol\u00edtica enviament i devoluci\u00f3 - IMMACULADA CONCEPCI\u00d3","robots":{"index":"index","follow":"follow","max-snippet":"max-snippet:-1","max-image-preview":"max-image-preview:large","max-video-preview":"max-video-preview:-1"},"canonical":"https:\/\/www.immaculadaconcepcio.org\/index.php\/politica-enviament-i-devolucio\/","og_locale":"es_ES","og_type":"article","og_title":"Pol\u00edtica enviament i devoluci\u00f3 - IMMACULADA CONCEPCI\u00d3","og_description":"Pol\u00edtica d&#8217;enviament i devoluci\u00f3 Col\u00b7legi Immaculada Concepci\u00f3Pla\u00e7a de l\u2019Esgl\u00e9sia, n\u00fam. 108850 Gav\u00e0 (Barcelona)CIF: R0800913FTel\u00e8fon: 936 620 436Correu electr\u00f2nic: titular@immaculadaconcepcio.org Enviaments El Col\u00b7legi Immaculada Concepci\u00f3 no realitza enviaments a domicili.Tots els productes adquirits a trav\u00e9s de la nostra web s\u2019han de recollir presencialment a les instal\u00b7lacions del col\u00b7legi, ubicades a la Pla\u00e7a de l\u2019Esgl\u00e9sia, 1 \u2013 [&hellip;]","og_url":"https:\/\/www.immaculadaconcepcio.org\/index.php\/politica-enviament-i-devolucio\/","og_site_name":"IMMACULADA CONCEPCI\u00d3","article_publisher":"https:\/\/www.facebook.com\/immaculadaconcepcio","article_modified_time":"2025-06-10T19:42:43+00:00","twitter_card":"summary_large_image","twitter_misc":{"Tiempo de lectura":"1 minuto"},"schema":{"@context":"https:\/\/schema.org","@graph":[{"@type":"WebPage","@id":"https:\/\/www.immaculadaconcepcio.org\/index.php\/politica-enviament-i-devolucio\/","url":"https:\/\/www.immaculadaconcepcio.org\/index.php\/politica-enviament-i-devolucio\/","name":"Pol\u00edtica enviament i devoluci\u00f3 - IMMACULADA CONCEPCI\u00d3","isPartOf":{"@id":"https:\/\/www.immaculadaconcepcio.org\/#website"},"datePublished":"2025-06-10T19:41:28+00:00","dateModified":"2025-06-10T19:42:43+00:00","breadcrumb":{"@id":"https:\/\/www.immaculadaconcepcio.org\/index.php\/politica-enviament-i-devolucio\/#breadcrumb"},"inLanguage":"es","potentialAction":[{"@type":"ReadAction","target":["https:\/\/www.immaculadaconcepcio.org\/index.php\/politica-enviament-i-devolucio\/"]}]},{"@type":"BreadcrumbList","@id":"https:\/\/www.immaculadaconcepcio.org\/index.php\/politica-enviament-i-devolucio\/#breadcrumb","itemListElement":[{"@type":"ListItem","position":1,"name":"Home","item":"https:\/\/www.immaculadaconcepcio.org\/"},{"@type":"ListItem","position":2,"name":"Pol\u00edtica enviament i devoluci\u00f3"}]},{"@type":"WebSite","@id":"https:\/\/www.immaculadaconcepcio.org\/#website","url":"https:\/\/www.immaculadaconcepcio.org\/","name":"IMMACULADA CONCEPCI\u00d3","description":"Gava","publisher":{"@id":"https:\/\/www.immaculadaconcepcio.org\/#organization"},"potentialAction":[{"@type":"SearchAction","target":{"@type":"EntryPoint","urlTemplate":"https:\/\/www.immaculadaconcepcio.org\/?s={search_term_string}"},"query-input":{"@type":"PropertyValueSpecification","valueRequired":true,"valueName":"search_term_string"}}],"inLanguage":"es"},{"@type":"Organization","@id":"https:\/\/www.immaculadaconcepcio.org\/#organization","name":"IMMACULADA CONCEPCI\u00d3","url":"https:\/\/www.immaculadaconcepcio.org\/","logo":{"@type":"ImageObject","inLanguage":"es","@id":"https:\/\/www.immaculadaconcepcio.org\/#\/schema\/logo\/image\/","url":"https:\/\/www2.immaculadaconcepcio.org\/wp-content\/uploads\/2024\/12\/immaculadaconcepcio.webp","contentUrl":"https:\/\/www2.immaculadaconcepcio.org\/wp-content\/uploads\/2024\/12\/immaculadaconcepcio.webp","width":300,"height":300,"caption":"IMMACULADA CONCEPCI\u00d3"},"image":{"@id":"https:\/\/www.immaculadaconcepcio.org\/#\/schema\/logo\/image\/"},"sameAs":["https:\/\/www.facebook.com\/immaculadaconcepcio","https:\/\/www.instagram.com\/immaculadaconcepcio"]}]}},"_links":{"self":[{"href":"https:\/\/www.immaculadaconcepcio.org\/index.php\/wp-json\/wp\/v2\/pages\/1107","targetHints":{"allow":["GET"]}}],"collection":[{"href":"https:\/\/www.immaculadaconcepcio.org\/index.php\/wp-json\/wp\/v2\/pages"}],"about":[{"href":"https:\/\/www.immaculadaconcepcio.org\/index.php\/wp-json\/wp\/v2\/types\/page"}],"author":[{"embeddable":true,"href":"https:\/\/www.immaculadaconcepcio.org\/index.php\/wp-json\/wp\/v2\/users\/1"}],"replies":[{"embeddable":true,"href":"https:\/\/www.immaculadaconcepcio.org\/index.php\/wp-json\/wp\/v2\/comments?post=1107"}],"version-history":[{"count":4,"href":"https:\/\/www.immaculadaconcepcio.org\/index.php\/wp-json\/wp\/v2\/pages\/1107\/revisions"}],"predecessor-version":[{"id":1113,"href":"https:\/\/www.immaculadaconcepcio.org\/index.php\/wp-json\/wp\/v2\/pages\/1107\/revisions\/1113"}],"wp:attachment":[{"href":"https:\/\/www.immaculadaconcepcio.org\/index.php\/wp-json\/wp\/v2\/media?parent=1107"}],"curies":[{"name":"wp","href":"https:\/\/api.w.org\/{rel}","templated":true}]}}