{"id":1744,"date":"2026-02-03T18:33:42","date_gmt":"2026-02-03T17:33:42","guid":{"rendered":"https:\/\/www.immaculadaconcepcio.org\/?page_id=1744"},"modified":"2026-02-03T19:04:38","modified_gmt":"2026-02-03T18:04:38","slug":"tour","status":"publish","type":"page","link":"https:\/\/www.immaculadaconcepcio.org\/index.php\/tour\/","title":{"rendered":"Tour"},"content":{"rendered":"\t\t<div data-elementor-type=\"wp-page\" data-elementor-id=\"1744\" class=\"elementor elementor-1744\" data-elementor-post-type=\"page\">\n\t\t\t\t<div class=\"elementor-element elementor-element-1711300 e-flex e-con-boxed e-con e-parent\" data-id=\"1711300\" data-element_type=\"container\" data-e-type=\"container\" data-settings=\"{&quot;jet_parallax_layout_list&quot;:[]}\">\n\t\t\t\t\t<div class=\"e-con-inner\">\n\t\t\t\t<div class=\"elementor-element elementor-element-e58a50f elementor-widget elementor-widget-heading\" data-id=\"e58a50f\" data-element_type=\"widget\" data-e-type=\"widget\" data-widget_type=\"heading.default\">\n\t\t\t\t<div class=\"elementor-widget-container\">\n\t\t\t\t\t<h1 class=\"elementor-heading-title elementor-size-default\">Tour Virtual<br>Immaculada Concepci\u00f3 Gav\u00e0<\/h1>\t\t\t\t<\/div>\n\t\t\t\t<\/div>\n\t\t<div class=\"elementor-element elementor-element-200e4ea e-con-full e-flex e-con e-child\" data-id=\"200e4ea\" data-element_type=\"container\" data-e-type=\"container\" data-settings=\"{&quot;background_background&quot;:&quot;video&quot;,&quot;background_video_link&quot;:&quot;https:\\\/\\\/youtu.be\\\/sqyiyhw_8W4&quot;,&quot;background_play_once&quot;:&quot;yes&quot;,&quot;background_play_on_mobile&quot;:&quot;yes&quot;,&quot;jet_parallax_layout_list&quot;:[]}\">\n\t\t<div class=\"elementor-background-video-container\">\n\t\t\t\t\t\t\t<div class=\"elementor-background-video-embed\" role=\"presentation\"><\/div>\n\t\t\t\t\t\t<\/div>\t\t<\/div>\n\t\t\t\t<div class=\"elementor-element elementor-element-67bd096 elementor-hidden-desktop elementor-hidden-tablet elementor-hidden-mobile elementor-widget elementor-widget-video\" data-id=\"67bd096\" data-element_type=\"widget\" data-e-type=\"widget\" data-settings=\"{&quot;youtube_url&quot;:&quot;https:\\\/\\\/youtu.be\\\/sqyiyhw_8W4&quot;,&quot;autoplay&quot;:&quot;yes&quot;,&quot;play_on_mobile&quot;:&quot;yes&quot;,&quot;loop&quot;:&quot;yes&quot;,&quot;yt_privacy&quot;:&quot;yes&quot;,&quot;video_type&quot;:&quot;youtube&quot;,&quot;controls&quot;:&quot;yes&quot;}\" data-widget_type=\"video.default\">\n\t\t\t\t<div class=\"elementor-widget-container\">\n\t\t\t\t\t\t\t<div class=\"elementor-wrapper elementor-open-inline\">\n\t\t\t<div class=\"elementor-video\"><\/div>\t\t<\/div>\n\t\t\t\t\t\t<\/div>\n\t\t\t\t<\/div>\n\t\t\t\t\t<\/div>\n\t\t\t\t<\/div>\n\t\t\t\t<\/div>\n\t\t","protected":false},"excerpt":{"rendered":"<p>Tour VirtualImmaculada Concepci\u00f3 Gav\u00e0<\/p>\n","protected":false},"author":1,"featured_media":0,"parent":0,"menu_order":0,"comment_status":"closed","ping_status":"closed","template":"elementor_header_footer","meta":{"footnotes":""},"class_list":["post-1744","page","type-page","status-publish","hentry"],"yoast_head":"<!-- This site is optimized with the Yoast SEO plugin v26.9 - https:\/\/yoast.com\/product\/yoast-seo-wordpress\/ -->\n<title>Tour - IMMACULADA CONCEPCI\u00d3<\/title>\n<meta name=\"robots\" content=\"index, follow, max-snippet:-1, max-image-preview:large, max-video-preview:-1\" \/>\n<link rel=\"canonical\" href=\"https:\/\/www.immaculadaconcepcio.org\/index.php\/tour\/\" \/>\n<meta property=\"og:locale\" content=\"es_ES\" \/>\n<meta property=\"og:type\" content=\"article\" \/>\n<meta property=\"og:title\" content=\"Tour - IMMACULADA CONCEPCI\u00d3\" \/>\n<meta property=\"og:description\" content=\"Tour VirtualImmaculada Concepci\u00f3 Gav\u00e0\" \/>\n<meta property=\"og:url\" content=\"https:\/\/www.immaculadaconcepcio.org\/index.php\/tour\/\" \/>\n<meta property=\"og:site_name\" content=\"IMMACULADA CONCEPCI\u00d3\" \/>\n<meta property=\"article:publisher\" content=\"https:\/\/www.facebook.com\/immaculadaconcepcio\" \/>\n<meta property=\"article:modified_time\" content=\"2026-02-03T18:04:38+00:00\" \/>\n<meta name=\"twitter:card\" content=\"summary_large_image\" \/>\n<meta name=\"twitter:label1\" content=\"Tiempo de lectura\" \/>\n\t<meta name=\"twitter:data1\" content=\"1 minuto\" \/>\n<script type=\"application\/ld+json\" class=\"yoast-schema-graph\">{\"@context\":\"https:\/\/schema.org\",\"@graph\":[{\"@type\":\"WebPage\",\"@id\":\"https:\/\/www.immaculadaconcepcio.org\/index.php\/tour\/\",\"url\":\"https:\/\/www.immaculadaconcepcio.org\/index.php\/tour\/\",\"name\":\"Tour - IMMACULADA CONCEPCI\u00d3\",\"isPartOf\":{\"@id\":\"https:\/\/www.immaculadaconcepcio.org\/#website\"},\"datePublished\":\"2026-02-03T17:33:42+00:00\",\"dateModified\":\"2026-02-03T18:04:38+00:00\",\"breadcrumb\":{\"@id\":\"https:\/\/www.immaculadaconcepcio.org\/index.php\/tour\/#breadcrumb\"},\"inLanguage\":\"es\",\"potentialAction\":[{\"@type\":\"ReadAction\",\"target\":[\"https:\/\/www.immaculadaconcepcio.org\/index.php\/tour\/\"]}]},{\"@type\":\"BreadcrumbList\",\"@id\":\"https:\/\/www.immaculadaconcepcio.org\/index.php\/tour\/#breadcrumb\",\"itemListElement\":[{\"@type\":\"ListItem\",\"position\":1,\"name\":\"Home\",\"item\":\"https:\/\/www.immaculadaconcepcio.org\/\"},{\"@type\":\"ListItem\",\"position\":2,\"name\":\"Tour\"}]},{\"@type\":\"WebSite\",\"@id\":\"https:\/\/www.immaculadaconcepcio.org\/#website\",\"url\":\"https:\/\/www.immaculadaconcepcio.org\/\",\"name\":\"IMMACULADA CONCEPCI\u00d3\",\"description\":\"Gava\",\"publisher\":{\"@id\":\"https:\/\/www.immaculadaconcepcio.org\/#organization\"},\"potentialAction\":[{\"@type\":\"SearchAction\",\"target\":{\"@type\":\"EntryPoint\",\"urlTemplate\":\"https:\/\/www.immaculadaconcepcio.org\/?s={search_term_string}\"},\"query-input\":{\"@type\":\"PropertyValueSpecification\",\"valueRequired\":true,\"valueName\":\"search_term_string\"}}],\"inLanguage\":\"es\"},{\"@type\":\"Organization\",\"@id\":\"https:\/\/www.immaculadaconcepcio.org\/#organization\",\"name\":\"IMMACULADA CONCEPCI\u00d3\",\"url\":\"https:\/\/www.immaculadaconcepcio.org\/\",\"logo\":{\"@type\":\"ImageObject\",\"inLanguage\":\"es\",\"@id\":\"https:\/\/www.immaculadaconcepcio.org\/#\/schema\/logo\/image\/\",\"url\":\"https:\/\/www2.immaculadaconcepcio.org\/wp-content\/uploads\/2024\/12\/immaculadaconcepcio.webp\",\"contentUrl\":\"https:\/\/www2.immaculadaconcepcio.org\/wp-content\/uploads\/2024\/12\/immaculadaconcepcio.webp\",\"width\":300,\"height\":300,\"caption\":\"IMMACULADA CONCEPCI\u00d3\"},\"image\":{\"@id\":\"https:\/\/www.immaculadaconcepcio.org\/#\/schema\/logo\/image\/\"},\"sameAs\":[\"https:\/\/www.facebook.com\/immaculadaconcepcio\",\"https:\/\/www.instagram.com\/immaculadaconcepcio\"]}]}<\/script>\n<!-- \/ Yoast SEO plugin. -->","yoast_head_json":{"title":"Tour - IMMACULADA CONCEPCI\u00d3","robots":{"index":"index","follow":"follow","max-snippet":"max-snippet:-1","max-image-preview":"max-image-preview:large","max-video-preview":"max-video-preview:-1"},"canonical":"https:\/\/www.immaculadaconcepcio.org\/index.php\/tour\/","og_locale":"es_ES","og_type":"article","og_title":"Tour - IMMACULADA CONCEPCI\u00d3","og_description":"Tour VirtualImmaculada Concepci\u00f3 Gav\u00e0","og_url":"https:\/\/www.immaculadaconcepcio.org\/index.php\/tour\/","og_site_name":"IMMACULADA CONCEPCI\u00d3","article_publisher":"https:\/\/www.facebook.com\/immaculadaconcepcio","article_modified_time":"2026-02-03T18:04:38+00:00","twitter_card":"summary_large_image","twitter_misc":{"Tiempo de lectura":"1 minuto"},"schema":{"@context":"https:\/\/schema.org","@graph":[{"@type":"WebPage","@id":"https:\/\/www.immaculadaconcepcio.org\/index.php\/tour\/","url":"https:\/\/www.immaculadaconcepcio.org\/index.php\/tour\/","name":"Tour - IMMACULADA CONCEPCI\u00d3","isPartOf":{"@id":"https:\/\/www.immaculadaconcepcio.org\/#website"},"datePublished":"2026-02-03T17:33:42+00:00","dateModified":"2026-02-03T18:04:38+00:00","breadcrumb":{"@id":"https:\/\/www.immaculadaconcepcio.org\/index.php\/tour\/#breadcrumb"},"inLanguage":"es","potentialAction":[{"@type":"ReadAction","target":["https:\/\/www.immaculadaconcepcio.org\/index.php\/tour\/"]}]},{"@type":"BreadcrumbList","@id":"https:\/\/www.immaculadaconcepcio.org\/index.php\/tour\/#breadcrumb","itemListElement":[{"@type":"ListItem","position":1,"name":"Home","item":"https:\/\/www.immaculadaconcepcio.org\/"},{"@type":"ListItem","position":2,"name":"Tour"}]},{"@type":"WebSite","@id":"https:\/\/www.immaculadaconcepcio.org\/#website","url":"https:\/\/www.immaculadaconcepcio.org\/","name":"IMMACULADA CONCEPCI\u00d3","description":"Gava","publisher":{"@id":"https:\/\/www.immaculadaconcepcio.org\/#organization"},"potentialAction":[{"@type":"SearchAction","target":{"@type":"EntryPoint","urlTemplate":"https:\/\/www.immaculadaconcepcio.org\/?s={search_term_string}"},"query-input":{"@type":"PropertyValueSpecification","valueRequired":true,"valueName":"search_term_string"}}],"inLanguage":"es"},{"@type":"Organization","@id":"https:\/\/www.immaculadaconcepcio.org\/#organization","name":"IMMACULADA CONCEPCI\u00d3","url":"https:\/\/www.immaculadaconcepcio.org\/","logo":{"@type":"ImageObject","inLanguage":"es","@id":"https:\/\/www.immaculadaconcepcio.org\/#\/schema\/logo\/image\/","url":"https:\/\/www2.immaculadaconcepcio.org\/wp-content\/uploads\/2024\/12\/immaculadaconcepcio.webp","contentUrl":"https:\/\/www2.immaculadaconcepcio.org\/wp-content\/uploads\/2024\/12\/immaculadaconcepcio.webp","width":300,"height":300,"caption":"IMMACULADA CONCEPCI\u00d3"},"image":{"@id":"https:\/\/www.immaculadaconcepcio.org\/#\/schema\/logo\/image\/"},"sameAs":["https:\/\/www.facebook.com\/immaculadaconcepcio","https:\/\/www.instagram.com\/immaculadaconcepcio"]}]}},"_links":{"self":[{"href":"https:\/\/www.immaculadaconcepcio.org\/index.php\/wp-json\/wp\/v2\/pages\/1744","targetHints":{"allow":["GET"]}}],"collection":[{"href":"https:\/\/www.immaculadaconcepcio.org\/index.php\/wp-json\/wp\/v2\/pages"}],"about":[{"href":"https:\/\/www.immaculadaconcepcio.org\/index.php\/wp-json\/wp\/v2\/types\/page"}],"author":[{"embeddable":true,"href":"https:\/\/www.immaculadaconcepcio.org\/index.php\/wp-json\/wp\/v2\/users\/1"}],"replies":[{"embeddable":true,"href":"https:\/\/www.immaculadaconcepcio.org\/index.php\/wp-json\/wp\/v2\/comments?post=1744"}],"version-history":[{"count":13,"href":"https:\/\/www.immaculadaconcepcio.org\/index.php\/wp-json\/wp\/v2\/pages\/1744\/revisions"}],"predecessor-version":[{"id":1776,"href":"https:\/\/www.immaculadaconcepcio.org\/index.php\/wp-json\/wp\/v2\/pages\/1744\/revisions\/1776"}],"wp:attachment":[{"href":"https:\/\/www.immaculadaconcepcio.org\/index.php\/wp-json\/wp\/v2\/media?parent=1744"}],"curies":[{"name":"wp","href":"https:\/\/api.w.org\/{rel}","templated":true}]}}